{"id":1362,"date":"2017-04-03T06:42:14","date_gmt":"2017-04-03T05:42:14","guid":{"rendered":"http:\/\/vonclaussens.de\/?page_id=1362"},"modified":"2020-05-24T10:30:29","modified_gmt":"2020-05-24T09:30:29","slug":"_kontakt","status":"publish","type":"page","link":"http:\/\/vonclaussens.de\/?page_id=1362","title":{"rendered":"Kontakt"},"content":{"rendered":"<div id=\"dslc-theme-content\"><div id=\"dslc-theme-content-inner\"><p><span style=\"color: #000000;\">Oliver Klaus<\/span><br \/><span style=\"color: #000000;\">Wilhelm Strau\u00df Stra\u00dfe 135<\/span><br \/><span style=\"color: #000000;\">41236 M\u00f6nchengladbach<br \/><\/span><span style=\"color: #000000;\"><br \/><\/span><span style=\"color: #000000;\">T +49 (0)2166 9988550<\/span><br \/><span style=\"color: #000000;\">F +49 (0)2166 9988551<\/span><br \/><span style=\"color: #000000;\">M\u00a0+49 (0)172\u00a02956401<\/span><\/p>\n<p><span style=\"color: #008080;\"><a style=\"color: #008080;\" href=\"mailto:info@vonclaussens.de\">info@vonclaussens.de<\/a><\/span><br \/><span style=\"color: #000000;\">www.vonclaussens.de<\/span><!--more schreiben Sie eine eM@il--><\/p>\n<p><span style=\"color: #000000;\"><div role=\"form\" class=\"wpcf7\" id=\"wpcf7-f177-o1\" lang=\"de-DE\" dir=\"ltr\">\n<div class=\"screen-reader-response\"><p role=\"status\" aria-live=\"polite\" aria-atomic=\"true\"><\/p> <ul><\/ul><\/div>\n<form action=\"\/index.php?rest_route=%2Fwp%2Fv2%2Fpages%2F1362#wpcf7-f177-o1\" method=\"post\" class=\"wpcf7-form init\" novalidate=\"novalidate\" data-status=\"init\">\n<div style=\"display: none;\">\n<input type=\"hidden\" name=\"_wpcf7\" value=\"177\" \/>\n<input type=\"hidden\" name=\"_wpcf7_version\" value=\"5.6.4\" \/>\n<input type=\"hidden\" name=\"_wpcf7_locale\" value=\"de_DE\" \/>\n<input type=\"hidden\" name=\"_wpcf7_unit_tag\" value=\"wpcf7-f177-o1\" \/>\n<input type=\"hidden\" name=\"_wpcf7_container_post\" value=\"0\" \/>\n<input type=\"hidden\" name=\"_wpcf7_posted_data_hash\" value=\"\" \/>\n<\/div>\n<p><label> Ihr Name<br \/>\n    <span class=\"wpcf7-form-control-wrap\" data-name=\"your-name\"><input type=\"text\" name=\"your-name\" value=\"\" size=\"40\" class=\"wpcf7-form-control wpcf7-text wpcf7-validates-as-required\" aria-required=\"true\" aria-invalid=\"false\" \/><\/span> <\/label><\/p>\n<p><label> Ihre E-Mail Adresse<br \/>\n    <span class=\"wpcf7-form-control-wrap\" data-name=\"your-email\"><input type=\"email\" name=\"your-email\" value=\"\" size=\"40\" class=\"wpcf7-form-control wpcf7-text wpcf7-email wpcf7-validates-as-required wpcf7-validates-as-email\" aria-required=\"true\" aria-invalid=\"false\" \/><\/span> <\/label><\/p>\n<p><label> Betreff<br \/>\n    <span class=\"wpcf7-form-control-wrap\" data-name=\"your-subject\"><input type=\"text\" name=\"your-subject\" value=\"\" size=\"40\" class=\"wpcf7-form-control wpcf7-text wpcf7-validates-as-required\" aria-required=\"true\" aria-invalid=\"false\" \/><\/span> <\/label><\/p>\n<p><label> Ihre Nachricht<br \/>\n    <span class=\"wpcf7-form-control-wrap\" data-name=\"your-message\"><textarea name=\"your-message\" cols=\"40\" rows=\"10\" class=\"wpcf7-form-control wpcf7-textarea wpcf7-validates-as-required\" aria-required=\"true\" aria-invalid=\"false\"><\/textarea><\/span> <\/label><\/p>\n<p><input type=\"submit\" value=\"Senden\" class=\"wpcf7-form-control has-spinner wpcf7-submit\" \/><\/p>\n<div class=\"wpcf7-response-output\" aria-hidden=\"true\"><\/div><\/form><\/div><\/span><\/p>\n<p>\u00a0<\/p>\n\n\n<p><\/p>\n<\/div><\/div>","protected":false},"excerpt":{"rendered":"<p>Oliver KlausWilhelm Strau\u00df Stra\u00dfe 13541236 M\u00f6nchengladbachT +49 (0)2166 9988550F +49 (0)2166 9988551M\u00a0+49 (0)172\u00a02956401 info@vonclaussens.dewww.vonclaussens.de<\/p>\n","protected":false},"author":1,"featured_media":0,"parent":0,"menu_order":4,"comment_status":"closed","ping_status":"closed","template":"","meta":[],"_links":{"self":[{"href":"http:\/\/vonclaussens.de\/index.php?rest_route=\/wp\/v2\/pages\/1362"}],"collection":[{"href":"http:\/\/vonclaussens.de\/index.php?rest_route=\/wp\/v2\/pages"}],"about":[{"href":"http:\/\/vonclaussens.de\/index.php?rest_route=\/wp\/v2\/types\/page"}],"author":[{"embeddable":true,"href":"http:\/\/vonclaussens.de\/index.php?rest_route=\/wp\/v2\/users\/1"}],"replies":[{"embeddable":true,"href":"http:\/\/vonclaussens.de\/index.php?rest_route=%2Fwp%2Fv2%2Fcomments&post=1362"}],"version-history":[{"count":17,"href":"http:\/\/vonclaussens.de\/index.php?rest_route=\/wp\/v2\/pages\/1362\/revisions"}],"predecessor-version":[{"id":1988,"href":"http:\/\/vonclaussens.de\/index.php?rest_route=\/wp\/v2\/pages\/1362\/revisions\/1988"}],"wp:attachment":[{"href":"http:\/\/vonclaussens.de\/index.php?rest_route=%2Fwp%2Fv2%2Fmedia&parent=1362"}],"curies":[{"name":"wp","href":"https:\/\/api.w.org\/{rel}","templated":true}]}}