{"id":1299,"date":"2017-03-09T15:08:28","date_gmt":"2017-03-09T14:08:28","guid":{"rendered":"http:\/\/vonclaussens.de\/?page_id=1299"},"modified":"2020-05-22T15:27:52","modified_gmt":"2020-05-22T14:27:52","slug":"imp","status":"publish","type":"page","link":"http:\/\/vonclaussens.de\/?page_id=1299","title":{"rendered":"Impressum"},"content":{"rendered":"<div id=\"dslc-theme-content\"><div id=\"dslc-theme-content-inner\"><p><span style=\"color: #000000;\">Angaben gem\u00e4\u00df \u00a75 Telemediengesetz und \u00a755 Rundfunk-Staatsvertrag<\/span><\/p>\n<p><!--more-->Inhaltlich verantwortlich:<\/p>\n<p><span style=\"color: #999999;\">Oliver Klaus (Einzelunternehmer)<\/span><br \/>\n<span style=\"color: #999999;\">Wilhelm Strau\u00df Stra\u00dfe 135<\/span><br \/>\n<span style=\"color: #999999;\">41236 M\u00f6nchengladbach<\/span><\/p>\n<p><span style=\"color: #999999;\">T +49 (0)2166 9988550<\/span><br \/>\n<span style=\"color: #999999;\">F +49 (0)2166 9988551<\/span><br \/>\n<span style=\"color: #999999;\">M +49 (0)172 2956401<\/span><\/p>\n<p><span style=\"color: #999999;\">info@vonclaussens.de<\/span><br \/>\n<span style=\"color: #999999;\">www.vonclaussens.de<\/span><\/p>\n<p><span style=\"color: #999999;\">Steuernummer: 121\/5201\/4741<\/span><br \/>\n<span style=\"color: #999999;\">Umsatzsteuer-Identifikationsnummer: DE 176118314<\/span><\/p>\n<p>Haftungsausschluss<\/p>\n<p>Haftung f\u00fcr Inhalte<\/p>\n<p><span style=\"color: #999999;\">Die Inhalte unserer Seiten wurden mit gr\u00f6\u00dfter Sorgfalt erstellt. F\u00fcr die Richtigkeit, Vollst\u00e4ndigkeit und Aktualit\u00e4t\u00a0der Inhalte k\u00f6nnen wir jedoch keine Gew\u00e4hr \u00fcbernehmen. Als Diensteanbieter sind wir gem\u00e4\u00df \u00a7 7 Abs.1 TMG\u00a0f\u00fcr eigene Inhalte auf diesen Seiten nach den allgemeinen Gesetzen verantwortlich. Nach \u00a7\u00a7 8 bis 10 TMG sind\u00a0wir als Diensteanbieter jedoch nicht verpflichtet, \u00fcbermittelte oder gespeicherte fremde Informationen zu\u00a0\u00fcberwachen oder nach Umst\u00e4nden zu forschen, die auf eine rechtswidrige T\u00e4tigkeit hinweisen. Verpflichtungen\u00a0zur Entfernung oder Sperrung der Nutzung von Informationen nach den allgemeinen Gesetzen bleiben hiervon\u00a0unber\u00fchrt. Eine diesbez\u00fcgliche Haftung ist jedoch erst ab dem Zeitpunkt der Kenntnis einer konkreten\u00a0Rechtsverletzung m\u00f6glich. Bei Bekanntwerden von entsprechenden Rechtsverletzungen werden wir diese\u00a0Inhalte umgehend entfernen.<\/span><\/p>\n<p>Haftung f\u00fcr Links<\/p>\n<p><span style=\"color: #999999;\">Unser Angebot enth\u00e4lt Links zu externen Webseiten Dritter, auf deren Inhalte wir keinen Einfluss haben.\u00a0Deshalb k\u00f6nnen wir f\u00fcr diese fremden Inhalte auch keine Gew\u00e4hr \u00fcbernehmen. F\u00fcr die Inhalte der verlinkten\u00a0Seiten ist stets der jeweilige Anbieter oder Betreiber der Seiten verantwortlich. Die verlinkten Seiten wurden\u00a0zum Zeitpunkt der Verlinkung auf m\u00f6gliche Rechtsverst\u00f6\u00dfe \u00fcberpr\u00fcft. Rechtswidrige Inhalte waren zum\u00a0Zeitpunkt der Verlinkung nicht erkennbar. Eine permanente inhaltliche Kontrolle der verlinkten Seiten ist jedoch\u00a0ohne konkrete Anhaltspunkte einer Rechtsverletzung nicht zumutbar. Bei Bekanntwerden von\u00a0Rechtsverletzungen werden wir derartige Links umgehend entfernen.<\/span><\/p>\n<p>Urheberrecht<\/p>\n<p><span style=\"color: #999999;\">Die durch die Seitenbetreiber erstellten bzw. verwendeten Inhalte und Werke auf diesen Seiten unterliegen dem\u00a0deutschen Urheberrecht. Die Vervielf\u00e4ltigung, Bearbeitung, Verbreitung und jede Art der Verwertung au\u00dferhalb\u00a0der Grenzen des Urheberrechtes bed\u00fcrfen der Zustimmung des jeweiligen Autors bzw. Erstellers. Downloads\u00a0und Kopien dieser Seite sind nur f\u00fcr den privaten, nicht kommerziellen Gebrauch gestattet. Soweit die Inhalte\u00a0auf dieser Seite nicht vom Betreiber erstellt wurden, werden die Urheberrechte Dritter beachtet. Insbesondere\u00a0werden Inhalte Dritter als solche gekennzeichnet. Sollten Sie trotzdem auf eine Urheberrechtsverletzung\u00a0aufmerksam werden, bitten wir um einen entsprechenden Hinweis. Bei Bekanntwerden von\u00a0Rechtsverletzungen werden wir derartige Inhalte umgehend entfernen.<\/span><\/p>\n<p>Datenschutzerkl\u00e4rung<\/p>\n<p>Allgemeines<\/p>\n<p><span style=\"color: #999999;\">Ihre personenbezogenen Daten (z.B. Anrede, Name, Anschrift, E-Mail-Adresse, Telefonnummer,\u00a0Bankverbindung, Kreditkartennummer) werden von uns nur gem\u00e4\u00df den Bestimmungen des deutschen\u00a0Datenschutzrechts verarbeitet. Die nachfolgenden Vorschriften informieren Sie \u00fcber Art, Umfang und\u00a0Zweck der Erhebung, Verarbeitung und Nutzung personenbezogener Daten. Diese\u00a0Datenschutzerkl\u00e4rung bezieht sich nur auf unsere Webseiten. Falls Sie \u00fcber Links auf unseren Seiten\u00a0auf andere Seiten weitergeleitet werden, informieren Sie sich bitte dort \u00fcber den jeweiligen Umgang mit\u00a0Ihren Daten.<\/span><\/p>\n<p>Bestandsdaten<\/p>\n<p><span style=\"color: #999999;\">(1) Ihre personenbezogenen Daten, soweit diese f\u00fcr die Begr\u00fcndung, inhaltliche Ausgestaltung oder\u00a0\u00c4nderung des Vertragsverh\u00e4ltnisses erforderlich sind (Bestandsdaten), werden ausschlie\u00dflich zur\u00a0Vertragsabwicklung verwendet. So muss z.B. zur Zustellung der Waren Ihr Name und Ihre Anschrift an\u00a0den Warenlieferanten weitergegeben werden.<\/span><\/p>\n<p><span style=\"color: #999999;\">(2) Ohne Ihre ausdr\u00fcckliche Einwilligung oder ohne gesetzliche Grundlage werden Ihre\u00a0personenbezogenen Daten nicht an au\u00dferhalb der Vertragsabwicklung stehende Dritte weitergegeben.\u00a0Nach vollst\u00e4ndiger Vertragsabwicklung werden Ihre Daten f\u00fcr die weitere Verwendung gesperrt. Nach\u00a0Ablauf der steuer- und handelsrechtlichen Vorschriften werden diese Daten gel\u00f6scht, sofern Sie nicht\u00a0ausdr\u00fccklich in die weitere Nutzung eingewilligt haben.<\/span><\/p>\n<p>Webanalyse mit Google Analytics<\/p>\n<p><span style=\"color: #999999;\">Diese Website benutzt Google Analytics, einen Webanalysedienst der Google Inc. (Google). Google Analytics\u00a0verwendet sog.Cookies, Textdateien, die auf Ihrem Computer gespeichert werden und die eine Analyse der\u00a0Benutzung der Website durch Sie erm\u00f6glichen. Die durch den Cookie erzeugten Informationen \u00fcber Ihre\u00a0Benutzung dieser Website werden in der Regel an einen Server von Google in den USA \u00fcbertragen und dort\u00a0gespeichert. Im Falle der Aktivierung der IP-Anonymisierung auf dieser Webseite, wird Ihre IP-Adresse von\u00a0Google jedoch innerhalb von Mitgliedstaaten der Europ\u00e4ischen Union oder in anderen Vertragsstaaten des\u00a0Abkommens \u00fcber den Europ\u00e4ischen Wirtschaftsraum zuvor gek\u00fcrzt. Nur in Ausnahmef\u00e4llen wird die volle IPAdresse\u00a0an einen Server von Google in den USA \u00fcbertragen und dort gek\u00fcrzt. Im Auftrag des Betreibers dieser\u00a0Website wird Google diese Informationen benutzen, um Ihre Nutzung der Website auszuwerten, um Reports\u00a0\u00fcber die Websiteaktivit\u00e4ten zusammenzustellen und um weitere mit der Websitenutzung und der\u00a0Internetnutzung verbundene Dienstleistungen gegen\u00fcber dem Websitebetreiber zu erbringen. Die im Rahmen\u00a0von Google Analytics von Ihrem Browser \u00fcbermittelte IP-Adresse wird nicht mit anderen Daten von Google\u00a0zusammengef\u00fchrt. Sie k\u00f6nnen die Speicherung der Cookies durch eine entsprechende Einstellung Ihrer\u00a0Browser-Software verhindern; wir weisen Sie jedoch darauf hin, dass Sie in diesem Fall gegebenenfalls nicht\u00a0s\u00e4mtliche Funktionen dieser Website vollumf\u00e4nglich werden nutzen k\u00f6nnen. Sie k\u00f6nnen dar\u00fcber hinaus die\u00a0Erfassung der durch das Cookie erzeugten und auf Ihre Nutzung der Website bezogenen Daten (inkl. Ihrer IPAdresse)\u00a0an Google sowie die Verarbeitung dieser Daten durch Google verhindern, indem Sie das unter dem\u00a0folgenden Link verf\u00fcgbare Browser-Plugin herunterladen und installieren:\u00a0http:\/\/tools.google.com\/dlpage\/gaoptout?hl=de<\/span><\/p>\n<p>Auskunft<\/p>\n<p><span style=\"color: #999999;\">Nach dem Bundesdatenschutzgesetz haben Sie ein Recht auf unentgeltliche Auskunft \u00fcber Ihre gespeicherten\u00a0Daten sowie ggf. ein Recht auf Berichtigung, Sperrung oder L\u00f6schung dieser Daten. Fragen k\u00f6nnen Sie z.B.\u00a0\u00fcber die folgende eMail-Adresse stellen: (info@vonclaussens.de)<\/span><\/p>\n<\/div><\/div>","protected":false},"excerpt":{"rendered":"<p>Angaben gem\u00e4\u00df \u00a75 Telemediengesetz und \u00a755 Rundfunk-Staatsvertrag<\/p>\n","protected":false},"author":1,"featured_media":0,"parent":0,"menu_order":5,"comment_status":"closed","ping_status":"closed","template":"","meta":[],"_links":{"self":[{"href":"http:\/\/vonclaussens.de\/index.php?rest_route=\/wp\/v2\/pages\/1299"}],"collection":[{"href":"http:\/\/vonclaussens.de\/index.php?rest_route=\/wp\/v2\/pages"}],"about":[{"href":"http:\/\/vonclaussens.de\/index.php?rest_route=\/wp\/v2\/types\/page"}],"author":[{"embeddable":true,"href":"http:\/\/vonclaussens.de\/index.php?rest_route=\/wp\/v2\/users\/1"}],"replies":[{"embeddable":true,"href":"http:\/\/vonclaussens.de\/index.php?rest_route=%2Fwp%2Fv2%2Fcomments&post=1299"}],"version-history":[{"count":6,"href":"http:\/\/vonclaussens.de\/index.php?rest_route=\/wp\/v2\/pages\/1299\/revisions"}],"predecessor-version":[{"id":1874,"href":"http:\/\/vonclaussens.de\/index.php?rest_route=\/wp\/v2\/pages\/1299\/revisions\/1874"}],"wp:attachment":[{"href":"http:\/\/vonclaussens.de\/index.php?rest_route=%2Fwp%2Fv2%2Fmedia&parent=1299"}],"curies":[{"name":"wp","href":"https:\/\/api.w.org\/{rel}","templated":true}]}}